{"id":24218,"date":"2025-09-23T08:59:20","date_gmt":"2025-09-23T08:59:20","guid":{"rendered":"https:\/\/califood.vn\/?post_type=product&#038;p=24218"},"modified":"2025-09-24T05:41:18","modified_gmt":"2025-09-24T05:41:18","slug":"xuc-xich-bo-thuong-hang-califood","status":"publish","type":"product","link":"https:\/\/califood.vn\/index.php\/product\/xuc-xich-bo-thuong-hang-califood\/","title":{"rendered":"X\u00daC X\u00cdCH B\u00d2&hellip;"},"content":{"rendered":"<p data-start=\"532\" data-end=\"551\"><strong data-start=\"532\" data-end=\"549\">C\u00e1ch r\u00e3 \u0111\u00f4ng:<\/strong><\/p>\n<ul data-start=\"552\" data-end=\"703\">\n<li data-start=\"552\" data-end=\"596\">\n<p data-start=\"554\" data-end=\"596\">R\u00e3 \u0111\u00f4ng trong t\u1ee7 m\u00e1t t\u1eeb\u00a0<strong data-start=\"578\" data-end=\"593\">6 \u2013 8 ti\u1ebfng<\/strong>.<\/p>\n<\/li>\n<li data-start=\"597\" data-end=\"644\">\n<p data-start=\"599\" data-end=\"644\">R\u00e3 \u0111\u00f4ng \u1edf nhi\u1ec7t \u0111\u1ed9 th\u01b0\u1eddng\u00a0<strong data-start=\"625\" data-end=\"641\">30 \u2013 45 ph\u00fat<\/strong>.<\/p>\n<\/li>\n<li data-start=\"645\" data-end=\"703\">\n<p data-start=\"647\" data-end=\"703\">Gi\u1eef nguy\u00ean t\u00fai nilon k\u00edn, ng\u00e2m n\u01b0\u1edbc trong\u00a0<strong data-start=\"689\" data-end=\"700\">10 ph\u00fat<\/strong>.<\/p>\n<\/li>\n<\/ul>\n<p data-start=\"705\" data-end=\"725\"><strong data-start=\"705\" data-end=\"723\">C\u00e1ch b\u1ea3o qu\u1ea3n:<\/strong><\/p>\n<ul data-start=\"726\" data-end=\"924\">\n<li data-start=\"726\" data-end=\"793\">\n<p data-start=\"728\" data-end=\"793\">B\u1ea3o qu\u1ea3n \u1edf ng\u0103n \u0111\u00f4ng t\u1ee7 l\u1ea1nh, nhi\u1ec7t \u0111\u1ed9\u00a0<strong data-start=\"767\" data-end=\"790\">-18\u00b0C ho\u1eb7c th\u1ea5p h\u01a1n<\/strong>.<\/p>\n<\/li>\n<\/ul>\n","protected":false},"excerpt":{"rendered":"<p>X\u00fac x\u00edch b\u00f2 th\u01b0\u1ee3ng h\u1ea1ng Califood \u0111\u01b0\u1ee3c l\u00e0m t\u1eeb th\u1ecbt b\u00f2 ch\u1ecdn l\u1ecdc k\u1ebft h\u1ee3p c\u00f9ng gia v\u1ecb \u0111\u1eadm \u0111\u00e0, mang \u0111\u1ebfn h\u01b0\u01a1ng v\u1ecb th\u01a1m ngon v\u00e0 \u0111\u1ed9 dai gi\u00f2n h\u1ea5p d\u1eabn. S\u1ea3n ph\u1ea9m ti\u1ec7n l\u1ee3i, d\u1ec5 ch\u1ebf bi\u1ebfn, ph\u00f9 h\u1ee3p cho b\u1eefa \u0103n gia \u0111\u00ecnh, ti\u1ec7c n\u01b0\u1edbng hay c\u00e1c m\u00f3n \u0103n nhanh gi\u00e0u dinh d\u01b0\u1ee1ng<\/p>\n","protected":false},"featured_media":0,"template":"","meta":{"_monsterinsights_skip_tracking":false,"_monsterinsights_sitenote_active":false,"_monsterinsights_sitenote_note":"","_monsterinsights_sitenote_category":0},"product_cat":[192],"product_tag":[],"class_list":["post-24218","product","type-product","status-publish","hentry","product_cat-thit"],"_links":{"self":[{"href":"https:\/\/califood.vn\/index.php\/wp-json\/wp\/v2\/product\/24218","targetHints":{"allow":["GET"]}}],"collection":[{"href":"https:\/\/califood.vn\/index.php\/wp-json\/wp\/v2\/product"}],"about":[{"href":"https:\/\/califood.vn\/index.php\/wp-json\/wp\/v2\/types\/product"}],"wp:attachment":[{"href":"https:\/\/califood.vn\/index.php\/wp-json\/wp\/v2\/media?parent=24218"}],"wp:term":[{"taxonomy":"product_cat","embeddable":true,"href":"https:\/\/califood.vn\/index.php\/wp-json\/wp\/v2\/product_cat?post=24218"},{"taxonomy":"product_tag","embeddable":true,"href":"https:\/\/califood.vn\/index.php\/wp-json\/wp\/v2\/product_tag?post=24218"}],"curies":[{"name":"wp","href":"https:\/\/api.w.org\/{rel}","templated":true}]}}