{"id":9095,"date":"2020-01-13T06:50:18","date_gmt":"2020-01-13T06:50:18","guid":{"rendered":"https:\/\/wpbingosite.com\/wordpress\/econis\/?page_id=9095"},"modified":"2021-12-14T09:24:27","modified_gmt":"2021-12-14T09:24:27","slug":"about-us","status":"publish","type":"page","link":"https:\/\/califood.vn\/index.php\/about-us\/","title":{"rendered":"V\u1ec1 ch\u00fang t\u00f4i"},"content":{"rendered":"\t\t<div data-elementor-type=\"wp-page\" data-elementor-id=\"9095\" class=\"elementor elementor-9095\" data-elementor-settings=\"[]\">\n\t\t\t\t\t\t\t<div class=\"elementor-section-wrap\">\n\t\t\t\t\t\t\t<section class=\"elementor-section elementor-top-section elementor-element elementor-element-8ba81ed elementor-section-boxed elementor-section-height-default elementor-section-height-default\" data-id=\"8ba81ed\" data-element_type=\"section\">\n\t\t\t\t\t\t<div class=\"elementor-container elementor-column-gap-default\">\n\t\t\t\t\t<div class=\"elementor-column elementor-col-100 elementor-top-column elementor-element elementor-element-97b43e9\" data-id=\"97b43e9\" data-element_type=\"column\">\n\t\t\t<div class=\"elementor-widget-wrap elementor-element-populated\">\n\t\t\t\t\t\t\t\t<div class=\"elementor-element elementor-element-9e4bc10 elementor-widget elementor-widget-heading\" data-id=\"9e4bc10\" data-element_type=\"widget\" data-widget_type=\"heading.default\">\n\t\t\t\t<div class=\"elementor-widget-container\">\n\t\t\t<h1 class=\"elementor-heading-title elementor-size-xl\">Cali Food \u2013 \u0110\u1ecba ch\u1ec9 th\u1ef1c ph\u1ea9m nh\u1eadp kh\u1ea9u 5 sao t\u1ea1i H\u00e0 th\u00e0nh<\/h1>\t\t<\/div>\n\t\t\t\t<\/div>\n\t\t\t\t\t<\/div>\n\t\t<\/div>\n\t\t\t\t\t\t\t<\/div>\n\t\t<\/section>\n\t\t\t\t<section class=\"elementor-section elementor-top-section elementor-element elementor-element-f8b15ef elementor-section-boxed elementor-section-height-default elementor-section-height-default\" data-id=\"f8b15ef\" data-element_type=\"section\">\n\t\t\t\t\t\t<div class=\"elementor-container elementor-column-gap-default\">\n\t\t\t\t\t<div class=\"elementor-column elementor-col-100 elementor-top-column elementor-element elementor-element-978205d\" data-id=\"978205d\" data-element_type=\"column\">\n\t\t\t<div class=\"elementor-widget-wrap elementor-element-populated\">\n\t\t\t\t\t\t\t\t<div class=\"elementor-element elementor-element-673e501 elementor-widget elementor-widget-text-editor\" data-id=\"673e501\" data-element_type=\"widget\" data-widget_type=\"text-editor.default\">\n\t\t\t\t<div class=\"elementor-widget-container\">\n\t\t\t\t\t\t\t<p style=\"text-align: justify;\"><strong><span style=\"color: #333333;\"><em>Trong v\u00e0i n\u0103m tr\u1edf t\u1ea1i \u0111\u00e2y nhu c\u1ea7u th\u1ef1c ph\u1ea9m s\u1ea1ch, cao c\u1ea5p, \u0111\u1ea3m b\u1ea3o an to\u00e0n v\u1ec1 ch\u1ea5t l\u01b0\u1ee3ng v\u00e0 \u0111\u1ed9 t\u01b0\u01a1i ngon l\u00e0 nhu c\u1ea7u thi\u1ebft y\u1ebfu c\u1ee7a ng\u01b0\u1eddi ti\u00eau d\u00f9ng. Nh\u1eb1m \u0111\u00e1p \u1ee9ng nhu c\u1ea7u \u1ea5y, Cali Food ch\u00ednh th\u1ee9c \u0111\u01b0\u1ee3c ra m\u1eaft. L\u00e0 m\u1ed9t \u201ct\u00e2n binh\u201d m\u1edbi trong l\u00e0ng \u1ea9m th\u1ef1c H\u00e0 th\u00e0nh nh\u01b0ng th\u01b0\u01a1ng hi\u1ec7u th\u1ef1c ph\u1ea9m 5 sao n\u00e0y \u0111\u00e3 chi\u1ebfm \u0111\u01b0\u1ee3c s\u1ef1 tin d\u00f9ng c\u1ee7a kh\u00e1ch h\u00e0ng b\u1edfi ch\u1ea5t l\u01b0\u1ee3ng v\u00e0 phong c\u00e1ch ph\u1ee5c v\u1ee5.<\/em><\/span><\/strong><\/p><p style=\"text-align: justify;\"><strong><span style=\"color: #333333;\">\u0110\u01b0\u1ee3c s\u00e1ng l\u1eadp b\u1edfi n\u1eef doanh nh\u00e2n Ho\u00e0ng Thanh \u2013 N\u1eef doanh nh\u00e2n xinh \u0111\u1eb9p \u2013 t\u00e0i n\u0103ng v\u00e0 b\u1ea3n l\u0129nh c\u1ee7a H\u00e0 th\u00e0nh. C\u00f3 nhi\u1ec1u n\u0103m kinh nghi\u1ec7m trong l\u0129nh v\u1ef1c cung c\u1ea5p c\u00e1c gi\u1ea3i ph\u00e1p c\u00f4ng ngh\u1ec7 cho c\u00e1c c\u00f4ng ty v\u00e0 t\u1eadp \u0111o\u00e0n l\u1edbn, n\u0103m 2021 ch\u1ecb ti\u1ebfp t\u1ee5c l\u1ea5n s\u00e2n sang ng\u00e0nh h\u00e0ng th\u1ef1c ph\u1ea9m v\u1edbi mong mu\u1ed1n cung c\u1ea5p nh\u1eefng b\u1eefa \u0103n th\u00e0nh ph\u1ea9m ch\u1ea5t l\u01b0\u1ee3ng 4 \u2013 5 sao \u0111\u1ebfn t\u1eebng ng\u00f4i nh\u00e0 Vi\u1ec7t.<\/span><\/strong><\/p>\t\t\t\t\t\t<\/div>\n\t\t\t\t<\/div>\n\t\t\t\t\t<\/div>\n\t\t<\/div>\n\t\t\t\t\t\t\t<\/div>\n\t\t<\/section>\n\t\t\t\t<section class=\"elementor-section elementor-top-section elementor-element elementor-element-48e2d8a elementor-section-boxed elementor-section-height-default elementor-section-height-default\" data-id=\"48e2d8a\" data-element_type=\"section\">\n\t\t\t\t\t\t<div class=\"elementor-container elementor-column-gap-no\">\n\t\t\t\t\t<div class=\"elementor-column elementor-col-100 elementor-top-column elementor-element elementor-element-3548b41\" data-id=\"3548b41\" data-element_type=\"column\">\n\t\t\t<div class=\"elementor-widget-wrap elementor-element-populated\">\n\t\t\t\t\t\t\t\t<div class=\"elementor-element elementor-element-2d5bb4a elementor-widget elementor-widget-image\" data-id=\"2d5bb4a\" data-element_type=\"widget\" data-widget_type=\"image.default\">\n\t\t\t\t<div class=\"elementor-widget-container\">\n\t\t\t\t\t\t\t\t\t\t\t\t\t\t\t<img loading=\"lazy\" decoding=\"async\" width=\"768\" height=\"549\" src=\"https:\/\/califood.vn\/wp-content\/uploads\/2021\/12\/2L6A6279-768x549.jpg\" class=\"attachment-medium_large size-medium_large\" alt=\"\" \/>\t\t\t\t\t\t\t\t\t\t\t\t\t\t\t<\/div>\n\t\t\t\t<\/div>\n\t\t\t\t<div class=\"elementor-element elementor-element-0de02d6 elementor-widget elementor-widget-text-editor\" data-id=\"0de02d6\" data-element_type=\"widget\" data-widget_type=\"text-editor.default\">\n\t\t\t\t<div class=\"elementor-widget-container\">\n\t\t\t\t\t\t\t<p style=\"text-align: center;\"><span style=\"color: #333333;\"><strong><em>CEO Ho\u00e0ng Thanh \u2013 Nh\u00e0 s\u00e1ng l\u1eadp v\u00e0 \u0111i\u1ec1u h\u00e0nh Cali Food<\/em><\/strong><\/span><\/p><p style=\"text-align: justify;\"><span style=\"color: #333333;\"><strong>Khi x\u00e3 h\u1ed9i ng\u00e0y c\u00e0ng ph\u00e1t tri\u1ec3n c\u00f9ng v\u1edbi \u0111\u00f3 l\u00e0 t\u00ecnh h\u00ecnh d\u1ecbch b\u1ec7nh di\u1ec5n bi\u1ebfn ph\u1ee9c t\u1ea1p nhu c\u1ea7u th\u1ef1c ph\u1ea9m s\u1ea1ch, \u0111\u1ea3m b\u1ea3o ch\u1ea5t l\u01b0\u1ee3ng, gi\u00e1 tr\u1ecb dinh d\u01b0\u1ee1ng v\u00e0 \u0111\u1ed9 t\u01b0\u01a1i ngon ng\u00e0y c\u00e0ng t\u0103ng cao. V\u00ec v\u1eady nh\u1eefng b\u1eefa \u0103n ngon, h\u1ea5p d\u1eabn nh\u01b0 nh\u00e0 h\u00e0ng t\u1ea1i gia c\u1ee7a Cali Food ra m\u1eaft t\u1edbi \u0111\u00e2y h\u1ee9a h\u1eb9n s\u1ebd mang \u0111\u1ebfn nh\u1eefng tr\u1ea3i nghi\u1ec7m \u1ea9m th\u1ef1c th\u00fa v\u1ecb cho th\u1ef1c kh\u00e1ch.<\/strong><\/span><\/p>\t\t\t\t\t\t<\/div>\n\t\t\t\t<\/div>\n\t\t\t\t\t<\/div>\n\t\t<\/div>\n\t\t\t\t\t\t\t<\/div>\n\t\t<\/section>\n\t\t\t\t<section class=\"elementor-section elementor-top-section elementor-element elementor-element-cb277df elementor-section-boxed elementor-section-height-default elementor-section-height-default\" data-id=\"cb277df\" data-element_type=\"section\">\n\t\t\t\t\t\t<div class=\"elementor-container elementor-column-gap-no\">\n\t\t\t\t\t<div class=\"elementor-column elementor-col-100 elementor-top-column elementor-element elementor-element-08ebe6a\" data-id=\"08ebe6a\" data-element_type=\"column\">\n\t\t\t<div class=\"elementor-widget-wrap elementor-element-populated\">\n\t\t\t\t\t\t\t\t<div class=\"elementor-element elementor-element-7bfd977 elementor-widget elementor-widget-image\" data-id=\"7bfd977\" data-element_type=\"widget\" data-widget_type=\"image.default\">\n\t\t\t\t<div class=\"elementor-widget-container\">\n\t\t\t\t\t\t\t\t\t\t\t\t\t\t\t<img loading=\"lazy\" decoding=\"async\" width=\"720\" height=\"509\" src=\"https:\/\/califood.vn\/wp-content\/uploads\/2021\/12\/ca2.jpg\" class=\"attachment-medium_large size-medium_large\" alt=\"\" \/>\t\t\t\t\t\t\t\t\t\t\t\t\t\t\t<\/div>\n\t\t\t\t<\/div>\n\t\t\t\t<div class=\"elementor-element elementor-element-01eea6e elementor-widget elementor-widget-text-editor\" data-id=\"01eea6e\" data-element_type=\"widget\" data-widget_type=\"text-editor.default\">\n\t\t\t\t<div class=\"elementor-widget-container\">\n\t\t\t\t\t\t\t<p style=\"text-align: center;\"><span style=\"color: #333333;\"><strong><em>Cali Food \u2013 \u0110\u1ecba ch\u1ec9 \u1ea9m th\u1ef1c 5 sao ch\u00ednh th\u1ee9c \u0111\u01b0\u1ee3c ra m\u1eaft<\/em><\/strong><\/span><\/p><p style=\"text-align: justify;\"><strong><span style=\"color: #333333;\">Cali Food \u2013 \u0110\u1ecba ch\u1ec9 th\u1ef1c ph\u1ea9m nh\u1eadp kh\u1ea9u uy t\u00edn, l\u00e0 \u0111\u1ed1i t\u00e1c c\u1ee7a nh\u1eefng th\u01b0\u01a1ng hi\u1ec7u n\u1ed5i ti\u1ebfng th\u1ebf gi\u1edbi. T\u1ea1i \u0111\u00e2y th\u1ef1c kh\u00e1ch s\u1ebd t\u00ecm \u0111\u01b0\u1ee3c nh\u1eefng s\u1ea3n ph\u1ea9m th\u1ecbt b\u00f2, c\u00e1 h\u1ed3i c\u00f9ng h\u1ea3i s\u1ea3n h\u1ea3o h\u1ea1ng nh\u01b0:<\/span><\/strong><\/p><ul style=\"text-align: justify;\"><li style=\"list-style-type: none;\"><ul><li><strong><span style=\"color: #333333;\">Th\u1ecbt b\u00f2 th\u01b0\u1ee3ng h\u1ea1ng c\u1ee7a M\u1ef9: \u0110\u01b0\u1ee3c \u0111\u00e1nh gi\u00e1 b\u1edfi B\u1ed9 N\u00f4ng nghi\u1ec7p Hoa K\u1ef3 USD, th\u1ecbt b\u00f2 M\u1ef9 Black Angus do Cali Food ph\u00e2n ph\u1ed1i \u0111\u1eb7c bi\u1ec7t v\u1edbi h\u00e0m l\u01b0\u1ee3ng v\u00e2n m\u1ee1 \u0111\u1ec1u \u0111\u1eb7n khi\u1ebfn th\u1ecbt m\u1ec1m tan, \u0111\u1ed9 ng\u1ecdt v\u00e0 h\u01b0\u01a1ng v\u1ecb v\u01b0\u1ee3t tr\u1ed9i. Tr\u00ean th\u1ecb tr\u01b0\u1eddng, gi\u1ed1ng b\u00f2 Black Angus \u0111ang l\u00e0 lo\u1ea1i th\u1ecbt b\u00f2 ngon nh\u1ea5t c\u1ee7a M\u1ef9 v\u00e0 \u0111\u01b0\u1ee3c \u0111\u00f4ng \u0111\u1ea3o ng\u01b0\u1eddi ti\u00eau d\u00f9ng tin t\u01b0\u1edfng.<\/span><\/strong><\/li><\/ul><\/li><\/ul><p style=\"text-align: justify;\">\u00a0<\/p><ul style=\"text-align: justify;\"><li style=\"list-style-type: none;\"><ul><li><strong><span style=\"color: #333333;\">Th\u1ecbt b\u00f2 \u00dac: Kh\u00f4ng nhi\u1ec1u v\u00e2n m\u1ee1 v\u00e0 ng\u1eady th\u01a1m nh\u01b0 b\u00f2 M\u1ef9 Black Angus nh\u01b0ng b\u00f2 \u00dac h\u00e3ng Midfield \u0111\u01b0\u1ee3c nu\u00f4i d\u01b0\u1ee1ng trong m\u00f4i tr\u01b0\u1eddng ch\u0103n th\u1ea3 t\u1ef1 nhi\u00ean. B\u1edfi th\u1ebf m\u00e0 th\u1ecbt b\u00f2 \u00dac mang v\u1ecb ng\u1ecdt th\u1ecbt ch\u00e2n th\u1eadt nh\u1ea5t c\u1ee7a gi\u1ed1ng b\u00f2 \u0103n c\u1ecf 100%. Quy tr\u00ecnh b\u1ea3o qu\u1ea3n \u1edf m\u00f4i tr\u01b0\u1eddng Chilled m\u00e1t gi\u00fap mi\u1ebfng th\u1ecbt lu\u00f4n \u0111\u01b0\u1ee3c t\u01b0\u01a1i v\u00e0 gi\u1eef nguy\u00ean ch\u1ea5t dinh d\u01b0\u1ee1ng.<\/span><\/strong><\/li><\/ul><\/li><\/ul><p style=\"text-align: justify;\">\u00a0<\/p><ul style=\"text-align: justify;\"><li><strong><span style=\"color: #333333;\">C\u00e1 h\u1ed3i Salmon From Norway h\u00e0ng \u0111\u1ea7u th\u1ebf gi\u1edbi c\u0169ng \u0111\u01b0\u1ee3c Cali Food l\u1ef1a ch\u1ecdn l\u00e0m \u0111\u1ed1i t\u00e1c c\u00f3 h\u01b0\u01a1ng v\u1ecb v\u00e0 h\u00e0m l\u01b0\u1ee3ng dinh d\u01b0\u1ee1ng cao, v\u1ecb th\u01a1m, thanh m\u00e1t v\u00e0 ngon tuy\u1ec7t h\u1ea3o.<\/span><\/strong><\/li><\/ul><p style=\"text-align: justify;\"><strong><span style=\"color: #333333;\">B\u00ean c\u1ea1nh \u0111\u00f3 Cali Food c\u00f2n cung c\u1ea5p c\u00e1c lo\u1ea1i th\u1ecbt, h\u1ea3i s\u1ea3n nh\u1eadp kh\u1ea9u v\u00e0 r\u01b0\u1ee3u vang cao c\u1ea5p.\u00a0<\/span><\/strong><\/p>\t\t\t\t\t\t<\/div>\n\t\t\t\t<\/div>\n\t\t\t\t\t<\/div>\n\t\t<\/div>\n\t\t\t\t\t\t\t<\/div>\n\t\t<\/section>\n\t\t\t\t<section class=\"elementor-section elementor-top-section elementor-element elementor-element-c63b4db elementor-section-boxed elementor-section-height-default elementor-section-height-default\" data-id=\"c63b4db\" data-element_type=\"section\">\n\t\t\t\t\t\t<div class=\"elementor-container elementor-column-gap-no\">\n\t\t\t\t\t<div class=\"elementor-column elementor-col-100 elementor-top-column elementor-element elementor-element-6e4fa71\" data-id=\"6e4fa71\" data-element_type=\"column\">\n\t\t\t<div class=\"elementor-widget-wrap elementor-element-populated\">\n\t\t\t\t\t\t\t\t<div class=\"elementor-element elementor-element-187c0e7 elementor-widget elementor-widget-image\" data-id=\"187c0e7\" data-element_type=\"widget\" data-widget_type=\"image.default\">\n\t\t\t\t<div class=\"elementor-widget-container\">\n\t\t\t\t\t\t\t\t\t\t\t\t\t\t\t<img loading=\"lazy\" decoding=\"async\" width=\"768\" height=\"512\" src=\"https:\/\/califood.vn\/wp-content\/uploads\/2021\/12\/2L6A6265-768x512.png\" class=\"attachment-medium_large size-medium_large\" alt=\"\" \/>\t\t\t\t\t\t\t\t\t\t\t\t\t\t\t<\/div>\n\t\t\t\t<\/div>\n\t\t\t\t<div class=\"elementor-element elementor-element-cf656b7 elementor-widget elementor-widget-text-editor\" data-id=\"cf656b7\" data-element_type=\"widget\" data-widget_type=\"text-editor.default\">\n\t\t\t\t<div class=\"elementor-widget-container\">\n\t\t\t\t\t\t\t<p style=\"text-align: center;\"><span style=\"text-align: left;\"><span style=\"color: #333333;\"><b><i>Cali Food l\u00e0 \u0111\u1ed1i t\u00e1c c\u1ee7a nh\u1eefng th\u01b0\u01a1ng hi\u1ec7u th\u1ef1c ph\u1ea9m n\u1ed5i ti\u1ebfng v\u00e0 uy t\u00edn nh\u1ea5t th\u1ebf gi\u1edbi\u00a0<\/i><\/b><\/span><\/span><\/p><p style=\"text-align: justify;\"><span style=\"color: #333333;\"><b>T\u1ea5t c\u1ea3 c\u00e1c s\u1ea3n ph\u1ea9m \u0111\u1ec1u \u0111\u1ea3m b\u1ea3o: r\u00f5 r\u00e0ng v\u1ec1 ngu\u1ed3n g\u1ed1c xu\u1ea5t x\u1ee9, b\u1ea3o qu\u1ea3n b\u1edfi c\u00f4ng ngh\u1ec7 l\u00e0m l\u1ea1nh hi\u1ec7n \u0111\u1ea1i, \u0111\u1ea7y \u0111\u1ee7 th\u00f4ng tin ng\u00e0y s\u1ea3n xu\u1ea5t, h\u1ea1n s\u1eed d\u1ee5ng\u2026<\/b><\/span><\/p><p style=\"text-align: justify;\"><span style=\"color: #333333;\"><b>\u0110\u1eb7c bi\u1ec7t \u1edf Cali Food 100% s\u1ea3n ph\u1ea9m \u0111\u1ec1u l\u00e0 th\u1ef1c ph\u1ea9m s\u1ea1ch, c\u00f3 ch\u1ea5t l\u01b0\u1ee3ng an to\u00e0n t\u1eeb ch\u1ea5t l\u01b0\u1ee3ng th\u1ecbt cho t\u1edbi quy tr\u00ecnh b\u1ea3o qu\u1ea3n, \u0111\u00f3ng g\u00f3i gi\u00fap m\u1ecdi th\u1ef1c ph\u1ea9m \u0111\u1ec1u gi\u1eef \u0111\u01b0\u1ee3c h\u01b0\u01a1ng v\u1ecb t\u01b0\u01a1i ngon v\u00e0 \u0111\u1ea3m b\u1ea3o gi\u1eef l\u1ea1i ch\u1ea5t dinh d\u01b0\u1ee1ng v\u1edbi h\u00e0m l\u01b0\u1ee3ng cao nh\u1ea5t.<\/b><\/span><\/p><div style=\"text-align: justify;\">\u00a0<\/div>\t\t\t\t\t\t<\/div>\n\t\t\t\t<\/div>\n\t\t\t\t\t<\/div>\n\t\t<\/div>\n\t\t\t\t\t\t\t<\/div>\n\t\t<\/section>\n\t\t\t\t<section class=\"elementor-section elementor-top-section elementor-element elementor-element-aadf8a5 elementor-section-boxed elementor-section-height-default elementor-section-height-default\" data-id=\"aadf8a5\" data-element_type=\"section\">\n\t\t\t\t\t\t<div class=\"elementor-container elementor-column-gap-no\">\n\t\t\t\t\t<div class=\"elementor-column elementor-col-100 elementor-top-column elementor-element elementor-element-49f6aab\" data-id=\"49f6aab\" data-element_type=\"column\">\n\t\t\t<div class=\"elementor-widget-wrap elementor-element-populated\">\n\t\t\t\t\t\t\t\t<div class=\"elementor-element elementor-element-4cf55b8 elementor-widget elementor-widget-image\" data-id=\"4cf55b8\" data-element_type=\"widget\" data-widget_type=\"image.default\">\n\t\t\t\t<div class=\"elementor-widget-container\">\n\t\t\t\t\t\t\t\t\t\t\t\t\t\t\t<img loading=\"lazy\" decoding=\"async\" width=\"768\" height=\"576\" src=\"https:\/\/califood.vn\/wp-content\/uploads\/2021\/12\/ca6-768x576.jpg\" class=\"attachment-medium_large size-medium_large\" alt=\"\" \/>\t\t\t\t\t\t\t\t\t\t\t\t\t\t\t<\/div>\n\t\t\t\t<\/div>\n\t\t\t\t<div class=\"elementor-element elementor-element-c73599c elementor-widget elementor-widget-text-editor\" data-id=\"c73599c\" data-element_type=\"widget\" data-widget_type=\"text-editor.default\">\n\t\t\t\t<div class=\"elementor-widget-container\">\n\t\t\t\t\t\t\t<p style=\"text-align: center;\"><span style=\"color: #333333;\"><b><i>\u0110em t\u1edbi nh\u1eefng b\u1eefa \u0103n 4 \u2013 5 sao th\u01b0\u1edfng th\u1ee9c ngay t\u1ea1i nh\u00e0<\/i><\/b><b><i><\/i><\/b><\/span><\/p>\n<p style=\"text-align: justify;\"><span style=\"color: #333333;\"><b>Kh\u00f4ng ch\u1ec9 l\u00e0 \u1ea9m th\u1ef1c, Cali Food c\u00f2n gi\u00fap kh\u00e1ch h\u00e0ng hi\u1ec3u v\u1ec1 \u0111\u1eb7c tr\u01b0ng c\u1ee7a t\u1eebng lo\u1ea1i m\u00f3n \u0103n v\u00e0 l\u00e0 \u0111\u01a1n v\u1ecb c\u0169ng ti\u00ean phong ra m\u1eaft nhi\u1ec1u combo qu\u00e0 t\u1eb7ng ti\u1ec7n l\u1ee3i \u0111\u00f3ng g\u00f3i \u0111\u1eb9p, sang tr\u1ecdng t\u1eeb trung \u0111\u1ebfn cao c\u1ea5p d\u00f9ng l\u00e0m qu\u00e0 bi\u1ebfu cho ng\u01b0\u1eddi th\u00e2n, b\u1ea1n b\u00e8, \u0111\u1ed1i t\u00e1c v\u00e0 kh\u00e1ch h\u00e0ng trong c\u00e1c d\u1ecbp l\u1ec5 t\u1ebft v\u00e0 nhi\u1ec1u ng\u00e0y tr\u1ecdng \u0111\u1ea1i kh\u00e1c\u2026&nbsp;<\/b><b><\/b><\/span><\/p>\n<p style=\"text-align: justify;\"><span style=\"color: #333333;\"><b>\u201c<i>N\u1ebfu nh\u01b0 tr\u01b0\u1edbc \u0111\u00e2y ch\u00fang ta ch\u1ec9 \u0111\u1eb7t \u0111\u1ed3 \u0103n giao t\u1ea1i nh\u00e0 1 \u2013 2 m\u00f3n nh\u1ecf l\u1ebb \u0111\u1ec3 th\u1ef1c kh\u00e1ch gi\u1ea3i quy\u1ebft cho xong b\u1eefa. Nh\u01b0ng gi\u1edd \u0111\u00e2y trong t\u00ecnh h\u00ecnh d\u1ecbch b\u1ec7nh, m\u1ed9t v\u1ea5n \u0111\u1ec1 m\u00e0 th\u1ef1c kh\u00e1ch quan t\u00e2m n\u1eefa l\u00e0 kh\u00e2u v\u1ec7 sinh an to\u00e0n th\u1ef1c ph\u1ea9m, \u0111\u00f3ng g\u00f3i, s\u1ef1 ti\u1ec7n l\u1ee3i, ti\u1ebft ki\u1ec7m th\u1eddi gian. N\u00ean t\u1ea1i Cali Food, c\u00e1c chuy\u00ean gia \u1ea9m th\u1ef1c s\u1ebd t\u00ednh to\u00e1n l\u01b0\u1ee3ng \u0111\u1ed3 \u0103n, chi ph\u00ed, m\u00f3n \u0103n, c\u00e1ch ch\u1ebf bi\u1ebfn, n\u00eam n\u1ebfm t\u1ea5t c\u1ea3 c\u00e1c gia v\u1ecb th\u00e0nh ph\u1ea9m ho\u00e0n ch\u1ec9nh\u2026 \u0111\u1ec3 kh\u00e1ch h\u00e0ng nhanh ch\u00f3ng s\u1edf h\u1eefu m\u1ed9t b\u1eefa ti\u1ec7c 4-5 sao ngay t\u1ea1i nh\u00e0, l\u1ea5p \u0111\u1ea7y nhu c\u1ea7u th\u1ef1c c\u1ee7a kh\u00e1ch h\u00e0ng<\/i>\u201d \u2013 CEO Ho\u00e0ng Thanh \u2013 Nh\u00e0 s\u00e1ng l\u1eadp th\u01b0\u01a1ng hi\u1ec7u Cali Food cho bi\u1ebft th\u00eam.&nbsp;<\/b><b><\/b><\/span><\/p>\n<p style=\"text-align: justify;\"><span style=\"color: #333333;\"><b>V\u1eady l\u00e0 kh\u00f4ng c\u1ea7n tr\u1ef1c ti\u1ebfp \u0111\u1ebfn nh\u00e0 h\u00e0ng m\u1edbi \u0111\u01b0\u1ee3c th\u01b0\u1edfng th\u1ee9c nh\u1eefng m\u00f3n \u0103n n\u1ea5u b\u1edfi \u0111\u1ea7u b\u1ebfp l\u00e0nh ngh\u1ec1. Thay v\u00e0o \u0111\u00f3 c\u00e1c m\u00f3n \u0103n&nbsp; t\u1ea1i Cali Food s\u1ebd \u0111\u01b0\u1ee3c giao t\u1eadn tay kh\u00e1ch h\u00e0ng \u1edf b\u1ea5t c\u1ee9 \u0111\u00e2u, v\u00e0o b\u1ea5t k\u1ef3 khi n\u00e0o cho c\u00e1c b\u1eefa \u0103n, ti\u1ec7c t\u1ea1i gia trong ng\u00e0y.&nbsp;<\/b><\/span><\/p>\n<div style=\"text-align: justify;\">&nbsp;<\/div>\t\t\t\t\t\t<\/div>\n\t\t\t\t<\/div>\n\t\t\t\t\t<\/div>\n\t\t<\/div>\n\t\t\t\t\t\t\t<\/div>\n\t\t<\/section>\n\t\t\t\t\t\t<\/div>\n\t\t\t\t\t<\/div>\n\t\t","protected":false},"excerpt":{"rendered":"<p>Cali Food \u2013 \u0110\u1ecba ch\u1ec9 th\u1ef1c ph\u1ea9m nh\u1eadp kh\u1ea9u 5 sao t\u1ea1i H\u00e0 th\u00e0nh Trong v\u00e0i n\u0103m tr\u1edf t\u1ea1i \u0111\u00e2y nhu c\u1ea7u th\u1ef1c ph\u1ea9m s\u1ea1ch, cao c\u1ea5p, \u0111\u1ea3m b\u1ea3o an to\u00e0n v\u1ec1 ch\u1ea5t l\u01b0\u1ee3ng v\u00e0 \u0111\u1ed9 t\u01b0\u01a1i ngon l\u00e0 nhu c\u1ea7u thi\u1ebft y\u1ebfu c\u1ee7a ng\u01b0\u1eddi ti\u00eau d\u00f9ng. Nh\u1eb1m \u0111\u00e1p \u1ee9ng nhu c\u1ea7u \u1ea5y, Cali Food [&hellip;]<\/p>\n","protected":false},"author":1,"featured_media":0,"parent":0,"menu_order":0,"comment_status":"closed","ping_status":"closed","template":"","meta":{"_monsterinsights_skip_tracking":false,"_monsterinsights_sitenote_active":false,"_monsterinsights_sitenote_note":"","_monsterinsights_sitenote_category":0,"footnotes":""},"class_list":["post-9095","page","type-page","status-publish","hentry"],"_links":{"self":[{"href":"https:\/\/califood.vn\/index.php\/wp-json\/wp\/v2\/pages\/9095","targetHints":{"allow":["GET"]}}],"collection":[{"href":"https:\/\/califood.vn\/index.php\/wp-json\/wp\/v2\/pages"}],"about":[{"href":"https:\/\/califood.vn\/index.php\/wp-json\/wp\/v2\/types\/page"}],"author":[{"embeddable":true,"href":"https:\/\/califood.vn\/index.php\/wp-json\/wp\/v2\/users\/1"}],"replies":[{"embeddable":true,"href":"https:\/\/califood.vn\/index.php\/wp-json\/wp\/v2\/comments?post=9095"}],"version-history":[{"count":10,"href":"https:\/\/califood.vn\/index.php\/wp-json\/wp\/v2\/pages\/9095\/revisions"}],"predecessor-version":[{"id":24007,"href":"https:\/\/califood.vn\/index.php\/wp-json\/wp\/v2\/pages\/9095\/revisions\/24007"}],"wp:attachment":[{"href":"https:\/\/califood.vn\/index.php\/wp-json\/wp\/v2\/media?parent=9095"}],"curies":[{"name":"wp","href":"https:\/\/api.w.org\/{rel}","templated":true}]}}